{"id":82,"date":"2024-03-26T21:07:40","date_gmt":"2024-03-26T20:07:40","guid":{"rendered":"https:\/\/astoriaszallo.hu\/?page_id=82"},"modified":"2024-05-15T13:42:10","modified_gmt":"2024-05-15T11:42:10","slug":"restaurant","status":"publish","type":"page","link":"https:\/\/astoriaszallo.hu\/en\/etterem\/","title":{"rendered":"Restaurant"},"content":{"rendered":"<h1 class=\"wp-block-heading\">Astoria Restaurant<\/h1>\n\n<p>Our restaurant welcomes its guests with a variety of international and domestic cuisine, we also prepare vegetarian and dietetic menus on demand. In case of fine weather, our Mediterranean style garden decorated with oleanders with a capacity of 100 people, offers a refreshing experience while having a cool drink, a delicious lunch or dinner. We can also prepare\u00a0<strong>gluten-free, lactose-free, vegetarian and dietetic dishes<\/strong>\u00a0on request.<\/p><p>A generous breakfast buffet is served, and guests requiring half-board can choose from a 3-course menu or a buffet (depending on the number of guests). Our restaurant also offers a-la-carte dining with typical wines of the Balaton wine region. We organise wine tasting events on demand.<\/p><p>Both interior and the exterior sections are equally suitable for arranging weddings, family programmes, parties, corporate lunches, dinners and other programmes, which we make more evocative with live musical performances during the summer weekends in July and August.<\/p><p><strong>Opening hours:<\/strong><\/p><ul><li>Breakfast: from 7.30 am to 10.00 am<\/li><li>Other opening hours: from 12.00 am to 10.00 pm<\/li><\/ul>\n\n<h2 class=\"wp-block-heading\">Gastronomical masterpieces from the Reform Era up to the present<\/h2>\n\n<div class=\"wp-block-buttons is-layout-flex wp-block-buttons-is-layout-flex\"><div class=\"wp-block-button\"><a class=\"wp-block-button__link\">View Menucard<\/a><\/div><\/div>","protected":false},"excerpt":{"rendered":"<p>Astoria \u00e9tterem \u00c9tterm\u00fcnk nemzetk\u00f6zi \u00e9s hazai \u00e9telk\u00edn\u00e1lattal v\u00e1rja kedves vend\u00e9geit, k\u00fcl\u00f6n k\u00edv\u00e1ns\u00e1gra veget\u00e1ri\u00e1nus \u00e9s di\u00e9t\u00e1s \u00e9teleket is k\u00e9sz\u00edt\u00fcnk. J\u00f3 id\u0151 eset\u00e9n a mediterr\u00e1n hangulat\u00fa, le\u00e1nderekkel d\u00edsz\u00edtett 100 f\u0151s kerthelyis\u00e9g\u00fcnk ny\u00fajt kellemes fel\u00fcd\u00fcl\u00e9st egy friss\u00edt\u0151 ital vagy egy \u00edzletes eb\u00e9d\/ vacsora elfogyaszt\u00e1s\u00e1ra. K\u00fcl\u00f6n k\u00edv\u00e1ns\u00e1gra\u00a0glut\u00e9n- \u00e9s lakt\u00f3zmentes, illetve veget\u00e1ri\u00e1nus \u00e9s di\u00e9t\u00e1s \u00e9teleket\u00a0is k\u00e9sz\u00edt\u00fcnk. A b\u0151s\u00e9ges reggelit sv\u00e9dasztalon [&hellip;]<\/p>\n","protected":false},"author":1,"featured_media":95,"parent":0,"menu_order":0,"comment_status":"closed","ping_status":"closed","template":"","meta":{"_acf_changed":false,"iawp_total_views":497,"footnotes":""},"hf_cat_page":[],"class_list":["post-82","page","type-page","status-publish","has-post-thumbnail","hentry"],"acpt":null,"acf":[],"_links":{"self":[{"href":"https:\/\/astoriaszallo.hu\/en\/wp-json\/wp\/v2\/pages\/82","targetHints":{"allow":["GET"]}}],"collection":[{"href":"https:\/\/astoriaszallo.hu\/en\/wp-json\/wp\/v2\/pages"}],"about":[{"href":"https:\/\/astoriaszallo.hu\/en\/wp-json\/wp\/v2\/types\/page"}],"author":[{"embeddable":true,"href":"https:\/\/astoriaszallo.hu\/en\/wp-json\/wp\/v2\/users\/1"}],"replies":[{"embeddable":true,"href":"https:\/\/astoriaszallo.hu\/en\/wp-json\/wp\/v2\/comments?post=82"}],"version-history":[{"count":0,"href":"https:\/\/astoriaszallo.hu\/en\/wp-json\/wp\/v2\/pages\/82\/revisions"}],"wp:featuredmedia":[{"embeddable":true,"href":"https:\/\/astoriaszallo.hu\/en\/wp-json\/wp\/v2\/media\/95"}],"wp:attachment":[{"href":"https:\/\/astoriaszallo.hu\/en\/wp-json\/wp\/v2\/media?parent=82"}],"wp:term":[{"taxonomy":"hf_cat_page","embeddable":true,"href":"https:\/\/astoriaszallo.hu\/en\/wp-json\/wp\/v2\/hf_cat_page?post=82"}],"curies":[{"name":"wp","href":"https:\/\/api.w.org\/{rel}","templated":true}]}}