{"id":79,"date":"2024-03-26T21:05:11","date_gmt":"2024-03-26T20:05:11","guid":{"rendered":"https:\/\/astoriaszallo.hu\/?page_id=79"},"modified":"2024-03-26T23:25:14","modified_gmt":"2024-03-26T22:25:14","slug":"conference-3","status":"publish","type":"page","link":"https:\/\/astoriaszallo.hu\/en\/konferencia\/","title":{"rendered":"Conference"},"content":{"rendered":"<h1 class=\"wp-block-heading\">Conference and event venue<\/h1>\n\n<p>Hotel Astoria is also suitable for conferences for up to 30-40 people. The large, naturally-lit room with large windows offers the possibility to place the seats in rows or in U-shape, as well as a standing reception.<\/p><p>It is teamwork that helps to build, strengthen and stabilise a company as a community. It is possible to organise team building trainings either in the Hotel or in Balatonf\u00fcred and its surroundings \u2013 in which we gladly help on request. (Adventure Island Tihany, sailing, dragon boat rental \u2026etc.)<\/p>\n\n<h2 class=\"wp-block-heading\">Equipment of the conference room:<\/h2>","protected":false},"excerpt":{"rendered":"<p>Konferencia \u00e9s rendezv\u00e9ny helysz\u00edn Az Astoria Hotel alkalmas 30-40 f\u0151s konferenci\u00e1k lebonyol\u00edt\u00e1s\u00e1ra is. A term\u00e9szetes f\u00e9ny\u0171, nagy ablakos teremben lehet\u0151s\u00e9g van sz\u00e9ksoros, U-alak\u00fa \u00fcltet\u00e9sre, valamint \u00e1ll\u00f3 fogad\u00e1sra. Egy c\u00e9g k\u00f6z\u00f6ss\u00e9g\u00e9 v\u00e1l\u00e1s\u00e1t, er\u0151s\u00edt\u00e9s\u00e9t \u00e9s stabiliz\u00e1l\u00e1s\u00e1t a csapatmunka seg\u00edti el\u0151. Csapat\u00e9p\u00edt\u0151 tr\u00e9ningek megszervez\u00e9s\u00e9re is lehet\u0151s\u00e9g van mind a Hotelben, mind Balatonf\u00fcreden \u00e9s k\u00f6rny\u00e9k\u00e9n is, amiben sz\u00fcks\u00e9g eset\u00e9n [&hellip;]<\/p>\n","protected":false},"author":1,"featured_media":98,"parent":0,"menu_order":0,"comment_status":"closed","ping_status":"closed","template":"","meta":{"_acf_changed":false,"iawp_total_views":103,"footnotes":""},"hf_cat_page":[],"class_list":["post-79","page","type-page","status-publish","has-post-thumbnail","hentry"],"acpt":null,"acf":[],"_links":{"self":[{"href":"https:\/\/astoriaszallo.hu\/en\/wp-json\/wp\/v2\/pages\/79","targetHints":{"allow":["GET"]}}],"collection":[{"href":"https:\/\/astoriaszallo.hu\/en\/wp-json\/wp\/v2\/pages"}],"about":[{"href":"https:\/\/astoriaszallo.hu\/en\/wp-json\/wp\/v2\/types\/page"}],"author":[{"embeddable":true,"href":"https:\/\/astoriaszallo.hu\/en\/wp-json\/wp\/v2\/users\/1"}],"replies":[{"embeddable":true,"href":"https:\/\/astoriaszallo.hu\/en\/wp-json\/wp\/v2\/comments?post=79"}],"version-history":[{"count":0,"href":"https:\/\/astoriaszallo.hu\/en\/wp-json\/wp\/v2\/pages\/79\/revisions"}],"wp:featuredmedia":[{"embeddable":true,"href":"https:\/\/astoriaszallo.hu\/en\/wp-json\/wp\/v2\/media\/98"}],"wp:attachment":[{"href":"https:\/\/astoriaszallo.hu\/en\/wp-json\/wp\/v2\/media?parent=79"}],"wp:term":[{"taxonomy":"hf_cat_page","embeddable":true,"href":"https:\/\/astoriaszallo.hu\/en\/wp-json\/wp\/v2\/hf_cat_page?post=79"}],"curies":[{"name":"wp","href":"https:\/\/api.w.org\/{rel}","templated":true}]}}