{"id":82,"date":"2024-03-26T21:07:40","date_gmt":"2024-03-26T20:07:40","guid":{"rendered":"https:\/\/astoriaszallo.hu\/?page_id=82"},"modified":"2024-05-15T13:42:10","modified_gmt":"2024-05-15T11:42:10","slug":"restaurant","status":"publish","type":"page","link":"https:\/\/astoriaszallo.hu\/de\/etterem\/","title":{"rendered":"Restaurant"},"content":{"rendered":"<h1 class=\"wp-block-heading\">Astoria Restaurant<\/h1>\n\n<p>Unser Restaurant erwartet die G\u00e4ste mit internationalen und ungarischen Gerichten, auf Wunsch werden auch vegetarische und Di\u00e4tgerichte zubereitet. Bei sch\u00f6nem Wetter bietet unser mediterraner, mit Oleandern geschm\u00fcckter Garten angenehme Erholung bei einem erfrischenden Getr\u00e4nk oder einem schmackhaften Mittag- oder Abendessen, f\u00fcr bis zu 100 Personen. Auf Wunsch werden auch\u00a0<strong>gluten- und laktosefreie, bzw. vegetarische und Di\u00e4tgerichte<\/strong>\u00a0zubereitet.<\/p><p>Das reichliche Fr\u00fchst\u00fcck wird als Buffet serviert, die G\u00e4ste, die sich f\u00fcr eine Halbpensionsverpflegung entschieden haben, k\u00f6nnen (je nach Personenanzahl) von einem 3-g\u00e4ngigen Men\u00fc w\u00e4hlen. Sie k\u00f6nnen in unserem Restaurant auch \u00e1 la carte bestellen, wozu die charakteristischen Weine der Balatoner Weinregion angeboten werden. Auf Wunsch organisieren wir gerne eine Weinkostprobe.<\/p><p>Der innere Raum und der Gartenteil sind ebenfalls f\u00fcr die Veranstaltung von Hochzeiten, Familienfesten, Partys, Gesch\u00e4ftsessen, Abendessen und anderen Angelegenheiten geeignet, die Stimmung wird an den Sommerwochenenden im Juli und im August mit Live Musik vervollst\u00e4ndigt.<\/p><p><strong>\u00d6ffnungszeiten<\/strong><\/p><ul><li>Fr\u00fchst\u00fcck: zwischen 7:30 \u2013 10:00 Uhr<\/li><li>Weitere \u00d6ffnungszeiten: zwischen 12:00 \u2013 22:00 Uhr<\/li><\/ul>\n\n<h2 class=\"wp-block-heading\">Kulinarische Meisterst\u00fccke vom Reformzeitalter bis heute<\/h2>\n\n<div class=\"wp-block-buttons is-layout-flex wp-block-buttons-is-layout-flex\"><div class=\"wp-block-button\"><a class=\"wp-block-button__link\">MEN\u00dc ANSCHAUEN<\/a><\/div><\/div>","protected":false},"excerpt":{"rendered":"<p>Astoria \u00e9tterem \u00c9tterm\u00fcnk nemzetk\u00f6zi \u00e9s hazai \u00e9telk\u00edn\u00e1lattal v\u00e1rja kedves vend\u00e9geit, k\u00fcl\u00f6n k\u00edv\u00e1ns\u00e1gra veget\u00e1ri\u00e1nus \u00e9s di\u00e9t\u00e1s \u00e9teleket is k\u00e9sz\u00edt\u00fcnk. J\u00f3 id\u0151 eset\u00e9n a mediterr\u00e1n hangulat\u00fa, le\u00e1nderekkel d\u00edsz\u00edtett 100 f\u0151s kerthelyis\u00e9g\u00fcnk ny\u00fajt kellemes fel\u00fcd\u00fcl\u00e9st egy friss\u00edt\u0151 ital vagy egy \u00edzletes eb\u00e9d\/ vacsora elfogyaszt\u00e1s\u00e1ra. K\u00fcl\u00f6n k\u00edv\u00e1ns\u00e1gra\u00a0glut\u00e9n- \u00e9s lakt\u00f3zmentes, illetve veget\u00e1ri\u00e1nus \u00e9s di\u00e9t\u00e1s \u00e9teleket\u00a0is k\u00e9sz\u00edt\u00fcnk. A b\u0151s\u00e9ges reggelit sv\u00e9dasztalon [&hellip;]<\/p>\n","protected":false},"author":1,"featured_media":95,"parent":0,"menu_order":0,"comment_status":"closed","ping_status":"closed","template":"","meta":{"_acf_changed":false,"iawp_total_views":492,"footnotes":""},"hf_cat_page":[],"class_list":["post-82","page","type-page","status-publish","has-post-thumbnail","hentry"],"acpt":null,"acf":[],"_links":{"self":[{"href":"https:\/\/astoriaszallo.hu\/de\/wp-json\/wp\/v2\/pages\/82","targetHints":{"allow":["GET"]}}],"collection":[{"href":"https:\/\/astoriaszallo.hu\/de\/wp-json\/wp\/v2\/pages"}],"about":[{"href":"https:\/\/astoriaszallo.hu\/de\/wp-json\/wp\/v2\/types\/page"}],"author":[{"embeddable":true,"href":"https:\/\/astoriaszallo.hu\/de\/wp-json\/wp\/v2\/users\/1"}],"replies":[{"embeddable":true,"href":"https:\/\/astoriaszallo.hu\/de\/wp-json\/wp\/v2\/comments?post=82"}],"version-history":[{"count":0,"href":"https:\/\/astoriaszallo.hu\/de\/wp-json\/wp\/v2\/pages\/82\/revisions"}],"wp:featuredmedia":[{"embeddable":true,"href":"https:\/\/astoriaszallo.hu\/de\/wp-json\/wp\/v2\/media\/95"}],"wp:attachment":[{"href":"https:\/\/astoriaszallo.hu\/de\/wp-json\/wp\/v2\/media?parent=82"}],"wp:term":[{"taxonomy":"hf_cat_page","embeddable":true,"href":"https:\/\/astoriaszallo.hu\/de\/wp-json\/wp\/v2\/hf_cat_page?post=82"}],"curies":[{"name":"wp","href":"https:\/\/api.w.org\/{rel}","templated":true}]}}