{"id":76,"date":"2024-03-26T21:02:45","date_gmt":"2024-03-26T20:02:45","guid":{"rendered":"https:\/\/astoriaszallo.hu\/?page_id=76"},"modified":"2024-04-21T00:27:36","modified_gmt":"2024-04-20T22:27:36","slug":"hochzeit","status":"publish","type":"page","link":"https:\/\/astoriaszallo.hu\/de\/eskuvo\/","title":{"rendered":"Hochzeit"},"content":{"rendered":"","protected":false},"excerpt":{"rendered":"<p>A fest\u0151i k\u00f6rnyezetben elhelyezked\u0151 Balatonf\u00fcred, az Anna-b\u00e1lokr\u00f3l h\u00edres v\u00e1ros ide\u00e1lis helysz\u00ednt k\u00edn\u00e1l esk\u00fcv\u0151j\u00e9nek.<\/p>","protected":false},"author":1,"featured_media":99,"parent":0,"menu_order":0,"comment_status":"closed","ping_status":"closed","template":"","meta":{"_acf_changed":false,"iawp_total_views":200,"footnotes":""},"hf_cat_page":[],"class_list":["post-76","page","type-page","status-publish","has-post-thumbnail","hentry"],"acpt":null,"acf":[],"_links":{"self":[{"href":"https:\/\/astoriaszallo.hu\/de\/wp-json\/wp\/v2\/pages\/76","targetHints":{"allow":["GET"]}}],"collection":[{"href":"https:\/\/astoriaszallo.hu\/de\/wp-json\/wp\/v2\/pages"}],"about":[{"href":"https:\/\/astoriaszallo.hu\/de\/wp-json\/wp\/v2\/types\/page"}],"author":[{"embeddable":true,"href":"https:\/\/astoriaszallo.hu\/de\/wp-json\/wp\/v2\/users\/1"}],"replies":[{"embeddable":true,"href":"https:\/\/astoriaszallo.hu\/de\/wp-json\/wp\/v2\/comments?post=76"}],"version-history":[{"count":0,"href":"https:\/\/astoriaszallo.hu\/de\/wp-json\/wp\/v2\/pages\/76\/revisions"}],"wp:featuredmedia":[{"embeddable":true,"href":"https:\/\/astoriaszallo.hu\/de\/wp-json\/wp\/v2\/media\/99"}],"wp:attachment":[{"href":"https:\/\/astoriaszallo.hu\/de\/wp-json\/wp\/v2\/media?parent=76"}],"wp:term":[{"taxonomy":"hf_cat_page","embeddable":true,"href":"https:\/\/astoriaszallo.hu\/de\/wp-json\/wp\/v2\/hf_cat_page?post=76"}],"curies":[{"name":"wp","href":"https:\/\/api.w.org\/{rel}","templated":true}]}}