{"id":189,"date":"2024-03-27T16:27:37","date_gmt":"2024-03-27T15:27:37","guid":{"rendered":"https:\/\/astoriaszallo.hu\/?page_id=189"},"modified":"2024-03-30T22:42:00","modified_gmt":"2024-03-30T21:42:00","slug":"vendegelegedettsegi-kerdoiv","status":"publish","type":"page","link":"https:\/\/astoriaszallo.hu\/de\/vendegelegedettsegi-kerdoiv\/","title":{"rendered":"Fragebogen zur G\u00e4stezufriedenheit"},"content":{"rendered":"<h1 class=\"wp-block-heading\">Fragebogen zur G\u00e4stezufriedenheit<\/h1>\n\n<p>K\u00f6sz\u00f6nj\u00fck, hogy kit\u00f6lt\u00f6tte k\u00e9rd\u0151\u00edv\u00fcnket!<\/p>","protected":false},"excerpt":{"rendered":"<p>Vend\u00e9gel\u00e9gedetts\u00e9gi k\u00e9rd\u0151\u00edv K\u00f6sz\u00f6nj\u00fck, hogy kit\u00f6lt\u00f6tte k\u00e9rd\u0151\u00edv\u00fcnket!<\/p>","protected":false},"author":1,"featured_media":98,"parent":0,"menu_order":0,"comment_status":"closed","ping_status":"closed","template":"","meta":{"_acf_changed":false,"iawp_total_views":80,"footnotes":""},"hf_cat_page":[],"class_list":["post-189","page","type-page","status-publish","has-post-thumbnail","hentry"],"acpt":null,"acf":[],"_links":{"self":[{"href":"https:\/\/astoriaszallo.hu\/de\/wp-json\/wp\/v2\/pages\/189","targetHints":{"allow":["GET"]}}],"collection":[{"href":"https:\/\/astoriaszallo.hu\/de\/wp-json\/wp\/v2\/pages"}],"about":[{"href":"https:\/\/astoriaszallo.hu\/de\/wp-json\/wp\/v2\/types\/page"}],"author":[{"embeddable":true,"href":"https:\/\/astoriaszallo.hu\/de\/wp-json\/wp\/v2\/users\/1"}],"replies":[{"embeddable":true,"href":"https:\/\/astoriaszallo.hu\/de\/wp-json\/wp\/v2\/comments?post=189"}],"version-history":[{"count":0,"href":"https:\/\/astoriaszallo.hu\/de\/wp-json\/wp\/v2\/pages\/189\/revisions"}],"wp:featuredmedia":[{"embeddable":true,"href":"https:\/\/astoriaszallo.hu\/de\/wp-json\/wp\/v2\/media\/98"}],"wp:attachment":[{"href":"https:\/\/astoriaszallo.hu\/de\/wp-json\/wp\/v2\/media?parent=189"}],"wp:term":[{"taxonomy":"hf_cat_page","embeddable":true,"href":"https:\/\/astoriaszallo.hu\/de\/wp-json\/wp\/v2\/hf_cat_page?post=189"}],"curies":[{"name":"wp","href":"https:\/\/api.w.org\/{rel}","templated":true}]}}