{"id":131,"date":"2024-03-26T22:09:21","date_gmt":"2024-03-26T21:09:21","guid":{"rendered":"https:\/\/astoriaszallo.hu\/?page_id=131"},"modified":"2024-04-18T23:00:31","modified_gmt":"2024-04-18T21:00:31","slug":"impresszum","status":"publish","type":"page","link":"https:\/\/astoriaszallo.hu\/de\/impresszum\/","title":{"rendered":"Impressum"},"content":{"rendered":"<h1 class=\"wp-block-heading\">Impressum<\/h1>\n\n<h2 class=\"wp-block-heading\">T\u00e1rhelyszolg\u00e1ltat\u00f3<\/h2>\n\n<ul class=\"wp-block-list\">\n \t<li>N\u00e9v: Radics J\u00f3zsef G\u00e9za ev.<\/li>\n \t<li>Sz\u00e9khely: 8330 S\u00fcmeg, V\u00e1zsonyi Vilmos utca 17.<\/li>\n \t<li>E-mail:\u00a0<\/li>\n \t<li>Telefonsz\u00e1m: +36 70 3365 065<\/li>\n \t<li>Weboldal:\u00a0<a title=\"Honlapk\u00e9sz\u00edt\u00e9s, webdesign\" href=\"https:\/\/slyweb.hu\" target=\"_blank\" rel=\"noopener\">www.slyweb.hu<\/a><\/li>\n<\/ul>\n\n<h2 class=\"wp-block-heading\">Szolg\u00e1ltat\u00f3<\/h2>\n\n<ul class=\"wp-block-list\">\n \t<li>A szolg\u00e1ltat\u00f3 neve: Kiss \u00e9s T\u00e1rsa Kft.<\/li>\n \t<li>Sz\u00e9khely: 8230 Balatonf\u00fcred, Zr\u00ednyi Mikl\u00f3s u. 12.<\/li>\n \t<li>E-mail: <span style=\"display:inline;unicode-bidi:bidi-override;direction:rtl;\" class=\"\">uh.ollazsairotsa<span style=\"display:none;\">obfsctd-64d8d4<\/span>&#64;selas<\/span><\/li>\n \t<li>Telefonsz\u00e1m: +36 30 300 2304<\/li>\n \t<li>Weboldal: https:\/\/astoriaszallo.hu<\/li>\n \t<li>Ad\u00f3sz\u00e1m: <\/li>\n<\/ul>","protected":false},"excerpt":{"rendered":"<p>Impresszum T\u00e1rhelyszolg\u00e1ltat\u00f3 N\u00e9v: Radics J\u00f3zsef G\u00e9za ev. Sz\u00e9khely: 8330 S\u00fcmeg, V\u00e1zsonyi Vilmos utca 17. E-mail:\u00a0 Telefonsz\u00e1m: +36 70 3365 065 Weboldal:\u00a0www.slyweb.hu Szolg\u00e1ltat\u00f3 A szolg\u00e1ltat\u00f3 neve: Kiss \u00e9s T\u00e1rsa Kft. Sz\u00e9khely: 8230 Balatonf\u00fcred, Zr\u00ednyi Mikl\u00f3s u. 12. E-mail: uh.ollazsairotsaobfsctd-484549&#64;selas Telefonsz\u00e1m: +36 30 300 2304 Weboldal: https:\/\/astoriaszallo.hu Ad\u00f3sz\u00e1m:<\/p>","protected":false},"author":1,"featured_media":98,"parent":0,"menu_order":0,"comment_status":"closed","ping_status":"closed","template":"","meta":{"_acf_changed":false,"iawp_total_views":46,"footnotes":""},"hf_cat_page":[],"class_list":["post-131","page","type-page","status-publish","has-post-thumbnail","hentry"],"acpt":null,"acf":[],"_links":{"self":[{"href":"https:\/\/astoriaszallo.hu\/de\/wp-json\/wp\/v2\/pages\/131","targetHints":{"allow":["GET"]}}],"collection":[{"href":"https:\/\/astoriaszallo.hu\/de\/wp-json\/wp\/v2\/pages"}],"about":[{"href":"https:\/\/astoriaszallo.hu\/de\/wp-json\/wp\/v2\/types\/page"}],"author":[{"embeddable":true,"href":"https:\/\/astoriaszallo.hu\/de\/wp-json\/wp\/v2\/users\/1"}],"replies":[{"embeddable":true,"href":"https:\/\/astoriaszallo.hu\/de\/wp-json\/wp\/v2\/comments?post=131"}],"version-history":[{"count":0,"href":"https:\/\/astoriaszallo.hu\/de\/wp-json\/wp\/v2\/pages\/131\/revisions"}],"wp:featuredmedia":[{"embeddable":true,"href":"https:\/\/astoriaszallo.hu\/de\/wp-json\/wp\/v2\/media\/98"}],"wp:attachment":[{"href":"https:\/\/astoriaszallo.hu\/de\/wp-json\/wp\/v2\/media?parent=131"}],"wp:term":[{"taxonomy":"hf_cat_page","embeddable":true,"href":"https:\/\/astoriaszallo.hu\/de\/wp-json\/wp\/v2\/hf_cat_page?post=131"}],"curies":[{"name":"wp","href":"https:\/\/api.w.org\/{rel}","templated":true}]}}