{"id":113,"date":"2024-03-26T22:02:26","date_gmt":"2024-03-26T21:02:26","guid":{"rendered":"https:\/\/astoriaszallo.hu\/?page_id=113"},"modified":"2024-04-05T20:56:37","modified_gmt":"2024-04-05T18:56:37","slug":"kontakt","status":"publish","type":"page","link":"https:\/\/astoriaszallo.hu\/de\/kapcsolat\/","title":{"rendered":"Kontakt"},"content":{"rendered":"<h1 class=\"wp-block-heading\">Kontakt<\/h1>\n\n<p><strong>Hotel und Restaurant Astoria<\/strong><br \/>H-8230 Balatonf\u00fcred, J\u00f3kai M\u00f3r u. 28. (Parkplatzeinfahrt von der Csokonai Stra\u00dfe)<\/p><p><strong>Telefon:<\/strong>\u00a0<a href=\"tel:+3687343643\">+36 87 343 643<\/a>,\u00a0<a href=\"tel:+3687482817\">+36 87 482 817<\/a><br \/><strong>Mobil:<\/strong>\u00a0<a href=\"tel:+36303002304\">+36 30 300 2304<\/a><br \/><strong>GPS Koordinaten:<\/strong>\u00a046.955692 17.89102 oder N46.949,16; E17.879,20<\/p>\n\n<p><strong>E-mail:<\/strong>\u00a0sales@astoriaszallo.hu<br \/><strong>Website<\/strong>\u00a0<a href=\"https:\/\/astoriaszallo.hu\/de\/\">www.astoriaszallo.hu<\/a><\/p>","protected":false},"excerpt":{"rendered":"<p>Kapcsolat Astoria Hotel \u00e9s \u00c9tterem8230 Balatonf\u00fcred, J\u00f3kai M\u00f3r u. 28. (Parkol\u00f3 bej\u00e1rat a Csokonai utca fel\u0151l) Tel:\u00a0+36 87 343 643,\u00a0+36 87 482 817Mobil:\u00a0+36 30 300 2304GPS koordin\u00e1ta:\u00a046.955692 17.89102 vagy N46.949,16; E17.879,20 E-mail:\u00a0sales@astoriaszallo.huHonlap:\u00a0www.astoriaszallo.hu<\/p>","protected":false},"author":1,"featured_media":96,"parent":0,"menu_order":0,"comment_status":"closed","ping_status":"closed","template":"","meta":{"_acf_changed":false,"iawp_total_views":589,"footnotes":""},"hf_cat_page":[],"class_list":["post-113","page","type-page","status-publish","has-post-thumbnail","hentry"],"acpt":null,"acf":[],"_links":{"self":[{"href":"https:\/\/astoriaszallo.hu\/de\/wp-json\/wp\/v2\/pages\/113","targetHints":{"allow":["GET"]}}],"collection":[{"href":"https:\/\/astoriaszallo.hu\/de\/wp-json\/wp\/v2\/pages"}],"about":[{"href":"https:\/\/astoriaszallo.hu\/de\/wp-json\/wp\/v2\/types\/page"}],"author":[{"embeddable":true,"href":"https:\/\/astoriaszallo.hu\/de\/wp-json\/wp\/v2\/users\/1"}],"replies":[{"embeddable":true,"href":"https:\/\/astoriaszallo.hu\/de\/wp-json\/wp\/v2\/comments?post=113"}],"version-history":[{"count":0,"href":"https:\/\/astoriaszallo.hu\/de\/wp-json\/wp\/v2\/pages\/113\/revisions"}],"wp:featuredmedia":[{"embeddable":true,"href":"https:\/\/astoriaszallo.hu\/de\/wp-json\/wp\/v2\/media\/96"}],"wp:attachment":[{"href":"https:\/\/astoriaszallo.hu\/de\/wp-json\/wp\/v2\/media?parent=113"}],"wp:term":[{"taxonomy":"hf_cat_page","embeddable":true,"href":"https:\/\/astoriaszallo.hu\/de\/wp-json\/wp\/v2\/hf_cat_page?post=113"}],"curies":[{"name":"wp","href":"https:\/\/api.w.org\/{rel}","templated":true}]}}